{"id":539,"date":"2018-05-17T12:09:53","date_gmt":"2018-05-17T10:09:53","guid":{"rendered":"http:\/\/michelclermont-photo.com\/?page_id=539"},"modified":"2021-06-22T12:57:25","modified_gmt":"2021-06-22T10:57:25","slug":"bio","status":"publish","type":"page","link":"https:\/\/michelclermont-photo.com\/index.php\/bio\/","title":{"rendered":"Bio"},"content":{"rendered":"<figure id=\"attachment_562\" aria-describedby=\"caption-attachment-562\" style=\"width: 323px\" class=\"wp-caption alignleft\"><img data-attachment-id=\"562\" data-permalink=\"https:\/\/michelclermont-photo.com\/index.php\/bio\/testbio2\/\" data-orig-file=\"https:\/\/i2.wp.com\/michelclermont-photo.com\/wp-content\/uploads\/2018\/06\/testbio2.jpg?fit=323%2C492&amp;ssl=1\" data-orig-size=\"323,492\" data-comments-opened=\"0\" data-image-meta=\"{&quot;aperture&quot;:&quot;5&quot;,&quot;credit&quot;:&quot;&quot;,&quot;camera&quot;:&quot;ILCE-7RM3&quot;,&quot;caption&quot;:&quot;&quot;,&quot;created_timestamp&quot;:&quot;1518192988&quot;,&quot;copyright&quot;:&quot;&quot;,&quot;focal_length&quot;:&quot;85&quot;,&quot;iso&quot;:&quot;250&quot;,&quot;shutter_speed&quot;:&quot;0.00625&quot;,&quot;title&quot;:&quot;&quot;,&quot;orientation&quot;:&quot;1&quot;}\" data-image-title=\"testbio2\" data-image-description=\"\" data-image-caption=\"\" data-medium-file=\"https:\/\/i2.wp.com\/michelclermont-photo.com\/wp-content\/uploads\/2018\/06\/testbio2.jpg?fit=197%2C300&amp;ssl=1\" data-large-file=\"https:\/\/i2.wp.com\/michelclermont-photo.com\/wp-content\/uploads\/2018\/06\/testbio2.jpg?fit=323%2C492&amp;ssl=1\" decoding=\"async\" loading=\"lazy\" class=\"wp-image-562 size-full\" src=\"https:\/\/i2.wp.com\/michelclermont-photo.com\/wp-content\/uploads\/2018\/06\/testbio2.jpg?resize=323%2C492&#038;ssl=1\" alt=\"\" width=\"323\" height=\"492\" srcset=\"https:\/\/i2.wp.com\/michelclermont-photo.com\/wp-content\/uploads\/2018\/06\/testbio2.jpg?w=323&amp;ssl=1 323w, https:\/\/i2.wp.com\/michelclermont-photo.com\/wp-content\/uploads\/2018\/06\/testbio2.jpg?resize=197%2C300&amp;ssl=1 197w\" sizes=\"(max-width: 323px) 100vw, 323px\" data-recalc-dims=\"1\" \/><figcaption id=\"caption-attachment-562\" class=\"wp-caption-text\">@Mathias Fourmand<\/figcaption><\/figure>\n<blockquote>\n<p style=\"text-align: justify;\">C&rsquo;est en auto didacte que je me lance dans la photo en Guyane, dans mon pays d&rsquo;origine. D&rsquo;abord en argentique et aujourd&rsquo;hui \u00e9galement en num\u00e9rique . Passionn\u00e9 depuis de nombreuses ann\u00e9es, je me d\u00e9cide \u00e0 partager via ce site ma vision de la vie et des diff\u00e9rentes \u00e9motions qui me stimulent. Mes premi\u00e8res exp\u00e9riences ont \u00e9t\u00e9 la photo de nu avec pour mod\u00e8le d&rsquo;inspiration les photographies de Mr Patrick Jonvelle, par lequel le noir et blanc m&rsquo;a \u00e9merveill\u00e9. J&rsquo;utilise au maximum la lumi\u00e8re naturelle ext\u00e9rieure et j&rsquo;aime \u00e9galement la surexposition.<\/p>\n<p style=\"text-align: justify;\">Le bois, le sable, le m\u00e9tal et autres \u00e9l\u00e9ments comme les b\u00e2timents abandonn\u00e9s: la chaleur, la luminosit\u00e9, les contrastes sont pour moi autant de possibilit\u00e9s de cr\u00e9ation qui me permettent de m&rsquo;adapter au d\u00e9cors.<\/p>\n<p style=\"text-align: justify;\">Cela me para\u00eet important de me pr\u00eater au jeu comme avec @matthiasfourmand, @lisoufoto et d&rsquo;\u00eatre de l&rsquo;autre c\u00f4t\u00e9 de l&rsquo;objectif.<\/p>\n<p style=\"text-align: justify;\">Noboyushi\u00a0Araki , Guy Bourdin, Gyula Brassa\u00ef, Clarence Bull, Nathalie Balsan-Duverneuil, Cornell Capa, Henri Cartier Bresson, Jean Philippe Charbonnier, Imogen Cunningham, Marie Cosindas, Judy Dater, Raymond Depardon, Robert Doisneau, Elliott Erwitt,\u00a0 Martine Franck, Ralph Gibson, Nan Goldin, Cosette Harcourt, Seydou Keita, Nick Knight, David Lachapelle, Herv\u00e9 Lewis, Ray Man, Boris Mihailov, Yasumasa Morimura, Helmutt Newton, Pierre et Gilles, Rheims Bettina, Herb Ritts , Sebasti\u00e3o Salgado, Jan Saudek, Jean-Loup Sieff, Mario Testino, Andy Warhol, et tant d&rsquo;autres qui illustre mon admiration.<\/p>\n<\/blockquote>\n\n\n<div itemprop=\"location\" itemscope itemtype=\"http:\/\/schema.org\/Organization\" class=\"wp-block-jetpack-contact-info\">\n<div class=\"wp-block-jetpack-email\"><a itemprop=\"email\" href=\"mailto:michel.clermont.photo@gmail.com\">michel.clermont.photo@gmail.com<\/a><\/div>\n\n\n\n<div class=\"wp-block-jetpack-phone\"><span itemprop=\"telephone\"><a href=\"tel:0648540015\">06 . 48 . 54 . 00 . 15<\/a><\/span><\/div>\n\n\n<\/div>\n","protected":false},"excerpt":{"rendered":"<p> &hellip; <a href=\"https:\/\/michelclermont-photo.com\/index.php\/bio\/\" class=\"more-link\"><span><span class=\"screen-reader-text\">Bio<\/span><\/span><\/a><\/p>\n","protected":false},"author":1,"featured_media":546,"parent":0,"menu_order":0,"comment_status":"closed","ping_status":"closed","template":"","meta":{"advanced_seo_description":"","spay_email":""},"_links":{"self":[{"href":"https:\/\/michelclermont-photo.com\/index.php\/wp-json\/wp\/v2\/pages\/539"}],"collection":[{"href":"https:\/\/michelclermont-photo.com\/index.php\/wp-json\/wp\/v2\/pages"}],"about":[{"href":"https:\/\/michelclermont-photo.com\/index.php\/wp-json\/wp\/v2\/types\/page"}],"author":[{"embeddable":true,"href":"https:\/\/michelclermont-photo.com\/index.php\/wp-json\/wp\/v2\/users\/1"}],"replies":[{"embeddable":true,"href":"https:\/\/michelclermont-photo.com\/index.php\/wp-json\/wp\/v2\/comments?post=539"}],"version-history":[{"count":17,"href":"https:\/\/michelclermont-photo.com\/index.php\/wp-json\/wp\/v2\/pages\/539\/revisions"}],"predecessor-version":[{"id":1877,"href":"https:\/\/michelclermont-photo.com\/index.php\/wp-json\/wp\/v2\/pages\/539\/revisions\/1877"}],"wp:featuredmedia":[{"embeddable":true,"href":"https:\/\/michelclermont-photo.com\/index.php\/wp-json\/wp\/v2\/media\/546"}],"wp:attachment":[{"href":"https:\/\/michelclermont-photo.com\/index.php\/wp-json\/wp\/v2\/media?parent=539"}],"curies":[{"name":"wp","href":"https:\/\/api.w.org\/{rel}","templated":true}]}}